{"id":377,"date":"2016-01-07T04:23:21","date_gmt":"2016-01-07T04:23:21","guid":{"rendered":"http:\/\/consulting.stylemixthemes.com\/?page_id=377"},"modified":"2023-07-01T09:11:22","modified_gmt":"2023-07-01T14:11:22","slug":"company-history","status":"publish","type":"page","link":"http:\/\/www.myt.international\/wordpress\/company-overview\/company-history\/","title":{"rendered":"Company history"},"content":{"rendered":"<section class=\"wpb-content-wrapper\"><p>[vc_row css=&#8221;.vc_custom_1540962018980{margin-bottom: 100px !important;}&#8221;][vc_column offset=&#8221;vc_col-lg-9 vc_col-md-9&#8243;][vc_column_text css=&#8221;.vc_custom_1687215887018{margin-bottom: 50px !important;}&#8221;]<\/p>\n<h2>Historia de la compa\u00f1\u00eda<\/h2>\n<p>M&amp;T International es una reconocida firma de consultor\u00eda, pionera en la implementaci\u00f3n de est\u00e1ndares de seguridad de la informaci\u00f3n como la antigua ISO 17799 (antes BS 7799), as\u00ed como en la mejora de procesos de TI como la norma ISO 12207 e ISO 15504 (ahora ISO 33000) y planeamiento estrat\u00e9gico de TI. Actualmente, nuestro offerring de servicios se actualiza de acuerdo a los nuevos tiempos como al de la ciberseguridad, seguridad digital, gobierno y transformaci\u00f3n digital, as\u00ed como la inteligencia artificial. Eche un vistazo a nuestra historia.[\/vc_column_text][stm_company_history][stm_company_history_item year=&#8221;2006&#8243; title=&#8221;Nace M&amp;T International&#8221; description=&#8221;El 30 de octubre de 2006 nace M&amp;T International como respuesta de las necesidades del mercado por servicios especializados en buenas pr\u00e1cticas de seguridad de la informaci\u00f3n (ISO 17799), as\u00ed como mejoras al ciclo de vida del software (ISO 12207). Estos 2 servicios fueron la insignia de nuestros inicios.&#8221;][stm_company_history_item year=&#8221;2008&#8243; title=&#8221;Crecimiento sostenido&#8221; description=&#8221;A fines del 2008 M&amp;T International hab\u00eda triplicado sus ingresos y crecido en cantidad de consultores, asimismo, se agregan otros servicios al offering tales como el desarrollo de planes estrat\u00e9gicos de tecnolog\u00edas de la informaci\u00f3n y comunicaciones, as\u00ed como la implementaci\u00f3n de la norma ISO 27001.&#8221;][stm_company_history_item year=&#8221;2010&#8243; title=&#8221;L\u00edderes implementando ISO 27001&#8243; description=&#8221;Culminando el a\u00f1o 2010 nos posicionamos como la empresa l\u00edder implementando la norma ISO 27001, logramos que algunos clientes certifiquen su SGSI en ISO 27001. Asimismo, empezamos a consolidarnos en continuidad de negocios y ethical hacking.&#8221;][stm_company_history_item year=&#8221;2014&#8243; title=&#8221;Nueva oficina&#8221; description=&#8221;M&amp;T implement\u00f3 una nueva oficina de 120mt2, siempre en el centro financiero de San Isidro &#8211; Lima, para albergar a su equipo de 25 consultores, asimismo, el crecimiento en ingresos econ\u00f3micos creci\u00f3 148% respecto al a\u00f1o anterior y en un 35% de nuevos clientes.&#8221;][stm_company_history_item year=&#8221;2016&#8243; title=&#8221;Ingreso al mercado Chileno&#8221; description=&#8221;Conscientes de la alta competencia lograda en servicios de ciberseguridad, continuidad de negocio y ethical hacking a finales de 2006 M&amp;T abre una oficina en Chile a fin de ofrecer esta gama de servicios. Logra su primer cliente en Chile en diciembre de 2006 para implementar un BCP y DRP a nivel nacional en todas las regiones.&#8221;][stm_company_history_item year=&#8221;2020&#8243; title=&#8221;Enfrentar la pandemia&#8221; description=&#8221;Al igual que la mayor\u00eda de las empresas consolidadas M&amp;T demostr\u00f3 su gran resiliencia y super\u00f3 los efectos negativos de la pandemia ocasionada por el virus del COVID 19. En 2020 logra ejecutar una cantidad importante de proyectos tanto en Per\u00fa como en Chile.&#8221;][stm_company_history_item year=&#8221;2022&#8243; title=&#8221;Recuperar niveles pre pandemia&#8221; description=&#8221;Hacia finales de 2022 M&amp;T International logra recuperar niveles de ventas prepandemia, gracias a una alta demanda de servicios de ciberseguridad, seguridad digital y gobierno y transformaci\u00f3n digital, as\u00ed como a las alianzas logradas con importantes empresas de talla internacional.&#8221;][\/stm_company_history][stm_spacing sm_spacing=&#8221;60&#8243; xs_spacing=&#8221;60&#8243;][\/vc_column][vc_column offset=&#8221;vc_col-lg-3 vc_col-md-3&#8243;][vc_empty_space height=&#8221;64px&#8221;][stm_sidebar sidebar=&#8221;311&#8243;][\/vc_column][\/vc_row]<\/p>\n<\/section>","protected":false},"excerpt":{"rendered":"<p>[vc_row css=&#8221;.vc_custom_1540962018980{margin-bottom: 100px !important;}&#8221;][vc_column offset=&#8221;vc_col-lg-9 vc_col-md-9&#8243;][vc_column_text css=&#8221;.vc_custom_1687215887018{margin-bottom: 50px !important;}&#8221;] Historia de la compa\u00f1\u00eda M&amp;T International es una reconocida firma de consultor\u00eda, pionera en la implementaci\u00f3n de est\u00e1ndares de seguridad de la informaci\u00f3n como la antigua ISO 17799 (antes BS 7799), as\u00ed como en la mejora de procesos de TI como la norma ISO 12207 e<\/p>\n","protected":false},"author":1,"featured_media":0,"parent":6936,"menu_order":0,"comment_status":"closed","ping_status":"closed","template":"","meta":{"footnotes":""},"class_list":["post-377","page","type-page","status-publish","hentry"],"_links":{"self":[{"href":"http:\/\/www.myt.international\/wordpress\/wp-json\/wp\/v2\/pages\/377","targetHints":{"allow":["GET"]}}],"collection":[{"href":"http:\/\/www.myt.international\/wordpress\/wp-json\/wp\/v2\/pages"}],"about":[{"href":"http:\/\/www.myt.international\/wordpress\/wp-json\/wp\/v2\/types\/page"}],"author":[{"embeddable":true,"href":"http:\/\/www.myt.international\/wordpress\/wp-json\/wp\/v2\/users\/1"}],"replies":[{"embeddable":true,"href":"http:\/\/www.myt.international\/wordpress\/wp-json\/wp\/v2\/comments?post=377"}],"version-history":[{"count":20,"href":"http:\/\/www.myt.international\/wordpress\/wp-json\/wp\/v2\/pages\/377\/revisions"}],"predecessor-version":[{"id":7443,"href":"http:\/\/www.myt.international\/wordpress\/wp-json\/wp\/v2\/pages\/377\/revisions\/7443"}],"up":[{"embeddable":true,"href":"http:\/\/www.myt.international\/wordpress\/wp-json\/wp\/v2\/pages\/6936"}],"wp:attachment":[{"href":"http:\/\/www.myt.international\/wordpress\/wp-json\/wp\/v2\/media?parent=377"}],"curies":[{"name":"wp","href":"https:\/\/api.w.org\/{rel}","templated":true}]}}