{"id":390,"date":"2016-01-07T05:57:45","date_gmt":"2016-01-07T05:57:45","guid":{"rendered":"http:\/\/consulting.stylemixthemes.com\/?page_id=390"},"modified":"2023-06-20T21:51:20","modified_gmt":"2023-06-21T02:51:20","slug":"our-partners","status":"publish","type":"page","link":"http:\/\/www.myt.international\/wordpress\/company-overview\/our-partners\/","title":{"rendered":"Our partners"},"content":{"rendered":"<section class=\"wpb-content-wrapper\"><p>[vc_row][vc_column][vc_column_text]<\/p>\n<h2>Nuestros partners<\/h2>\n<p>[\/vc_column_text][vc_empty_space][\/vc_column][\/vc_row][vc_row css=&#8221;.vc_custom_1459506306543{margin-bottom: 100px !important;}&#8221;][vc_column offset=&#8221;vc_col-lg-9 vc_col-md-9&#8243;][vc_row_inner css=&#8221;.vc_custom_1452152300724{margin-bottom: 46px !important;}&#8221;][vc_column_inner][stm_partner style=&#8221;style_2&#8243; title=&#8221;AXELOS&#8221; logo=&#8221;7217&#8243; description=&#8221;Dedicados a ser el proveedor de mejores pr\u00e1cticas globales m\u00e1s respetado del mundo, inspir\u00e1ndonos continuamente en aquellos que adoptan las mejores pr\u00e1cticas para aumentar la rentabilidad, aumentar la participaci\u00f3n de mercado y responder r\u00e1pidamente a los cambios y desaf\u00edos en su entorno comercial.&#8221; link=&#8221;url:%23||&#8221; position=&#8221;PeopleCert<br \/>\nLondres, Reino Unido&#8221; css=&#8221;.vc_custom_1687314647450{margin-bottom: 50px !important;}&#8221;][stm_partner style=&#8221;style_2&#8243; title=&#8221;Cyrebro&#8221; logo=&#8221;7222&#8243; description=&#8221;Todas las empresas de cualquier tama\u00f1o deber\u00edan ver y entender siempre su ciberseguridad con la claridad de la tecnolog\u00eda y la capacidad de los expertos en ciberseguridad m\u00e1s selectos del mundo.&#8221; link=&#8221;url:%23||&#8221; position=&#8221;Cyrebro<br \/>\nTel Aviv, Israel&#8221; css=&#8221;.vc_custom_1687315343138{margin-bottom: 50px !important;}&#8221;][stm_partner style=&#8221;style_2&#8243; title=&#8221;Zerofox&#8221; logo=&#8221;7224&#8243; description=&#8221;Crear un mundo digital m\u00e1s seguro. Utilizando diversas fuentes de datos y an\u00e1lisis basados en inteligencia artificial, la plataforma ZeroFox identifica y remedia ataques de phishing dirigidos, compromiso de credenciales, exfiltraci\u00f3n de datos, secuestro de marca, amenazas ejecutivas y de ubicaci\u00f3n y m\u00e1s&#8221; link=&#8221;url:%23||&#8221; position=&#8221;ZeroFox Holdings, Inc<br \/>\nBaltimore, EEUU&#8221; css=&#8221;.vc_custom_1687315628826{margin-bottom: 50px !important;}&#8221;][\/vc_column_inner][\/vc_row_inner][\/vc_column][vc_column offset=&#8221;vc_col-lg-3 vc_col-md-3&#8243;][stm_sidebar sidebar=&#8221;311&#8243;][\/vc_column][\/vc_row][vc_row full_width=&#8221;stretch_row&#8221; css=&#8221;.vc_custom_1459505959648{margin-bottom: -60px !important;}&#8221; el_class=&#8221;third_bg_color&#8221;][vc_column][vc_cta h2=&#8221;\u00bfLe gustar\u00eda contactarnos?&#8221; h2_font_container=&#8221;tag:h2|font_size:20px|text_align:center|color:%23002e5b|line_height:24px&#8221; h2_use_theme_fonts=&#8221;yes&#8221; txt_align=&#8221;center&#8221; shape=&#8221;square&#8221; style=&#8221;flat&#8221; add_button=&#8221;right&#8221; btn_title=&#8221;CONT\u00c1CTENOS&#8221; btn_style=&#8221;flat&#8221; btn_color=&#8221;theme_style_2&#8243; btn_size=&#8221;lg&#8221; btn_align=&#8221;right&#8221; btn_i_align=&#8221;right&#8221; btn_i_icon_fontawesome=&#8221;stm-lnr-chevron-right&#8221; use_custom_fonts_h2=&#8221;true&#8221; btn_add_icon=&#8221;true&#8221; btn_link=&#8221;url:%2Fwordpress%2Fcontact-us%2F&#8221; el_class=&#8221;third_bg_color&#8221; css=&#8221;.vc_custom_1687315877601{margin-bottom: 0px !important;}&#8221;][\/vc_cta][\/vc_column][\/vc_row]<\/p>\n<\/section>","protected":false},"excerpt":{"rendered":"<p>[vc_row][vc_column][vc_column_text] Nuestros partners [\/vc_column_text][vc_empty_space][\/vc_column][\/vc_row][vc_row css=&#8221;.vc_custom_1459506306543{margin-bottom: 100px !important;}&#8221;][vc_column offset=&#8221;vc_col-lg-9 vc_col-md-9&#8243;][vc_row_inner css=&#8221;.vc_custom_1452152300724{margin-bottom: 46px !important;}&#8221;][vc_column_inner][stm_partner style=&#8221;style_2&#8243; title=&#8221;AXELOS&#8221; logo=&#8221;7217&#8243; description=&#8221;Dedicados a ser el proveedor de mejores pr\u00e1cticas globales m\u00e1s respetado del mundo, inspir\u00e1ndonos continuamente en aquellos que adoptan las mejores pr\u00e1cticas para aumentar la rentabilidad, aumentar la participaci\u00f3n de mercado y responder r\u00e1pidamente a los cambios y desaf\u00edos en<\/p>\n","protected":false},"author":1,"featured_media":0,"parent":6936,"menu_order":0,"comment_status":"closed","ping_status":"closed","template":"","meta":{"footnotes":""},"class_list":["post-390","page","type-page","status-publish","hentry"],"_links":{"self":[{"href":"http:\/\/www.myt.international\/wordpress\/wp-json\/wp\/v2\/pages\/390","targetHints":{"allow":["GET"]}}],"collection":[{"href":"http:\/\/www.myt.international\/wordpress\/wp-json\/wp\/v2\/pages"}],"about":[{"href":"http:\/\/www.myt.international\/wordpress\/wp-json\/wp\/v2\/types\/page"}],"author":[{"embeddable":true,"href":"http:\/\/www.myt.international\/wordpress\/wp-json\/wp\/v2\/users\/1"}],"replies":[{"embeddable":true,"href":"http:\/\/www.myt.international\/wordpress\/wp-json\/wp\/v2\/comments?post=390"}],"version-history":[{"count":12,"href":"http:\/\/www.myt.international\/wordpress\/wp-json\/wp\/v2\/pages\/390\/revisions"}],"predecessor-version":[{"id":7228,"href":"http:\/\/www.myt.international\/wordpress\/wp-json\/wp\/v2\/pages\/390\/revisions\/7228"}],"up":[{"embeddable":true,"href":"http:\/\/www.myt.international\/wordpress\/wp-json\/wp\/v2\/pages\/6936"}],"wp:attachment":[{"href":"http:\/\/www.myt.international\/wordpress\/wp-json\/wp\/v2\/media?parent=390"}],"curies":[{"name":"wp","href":"https:\/\/api.w.org\/{rel}","templated":true}]}}