{"id":6238,"date":"2019-11-26T04:29:34","date_gmt":"2019-11-26T04:29:34","guid":{"rendered":"http:\/\/consulting.stylemixthemes.com\/demo\/?page_id=6238"},"modified":"2023-06-30T15:27:23","modified_gmt":"2023-06-30T20:27:23","slug":"about-layout-4","status":"publish","type":"page","link":"http:\/\/www.myt.international\/wordpress\/about-layout-4\/","title":{"rendered":"About Layout 4"},"content":{"rendered":"<section class=\"wpb-content-wrapper\"><p>[vc_row][vc_column][vc_custom_heading text=&#8221;Por qu\u00e9 M&amp;T International&#8221; font_container=&#8221;tag:h2|text_align:center&#8221; use_theme_fonts=&#8221;yes&#8221;][stm_spacing lg_spacing=&#8221;17&#8243; md_spacing=&#8221;17&#8243; sm_spacing=&#8221;17&#8243; xs_spacing=&#8221;17&#8243;][vc_row_inner][vc_column_inner width=&#8221;1\/2&#8243; offset=&#8221;vc_col-lg-3 vc_col-md-3&#8243;][stm_icon_box icon=&#8221;fas fa-chess&#8221; icon_size=&#8221;26&#8243; icon_color=&#8221;base&#8221; icon_bg_color=&#8221;third_bg&#8221; icon_height=&#8221;60&#8243; title=&#8221;Experiencia&#8221; title_font_size=&#8221;16&#8243; title_line_height=&#8221;22&#8243;]Desde octubre del 2006 trabajamos incansablemente para ofrecer una gama de servicios de alto valor para nuestros clientes, mejorando e innovando constantemente.[\/stm_icon_box][stm_spacing lg_spacing=&#8221;0&#8243; md_spacing=&#8221;0&#8243; sm_spacing=&#8221;30&#8243; xs_spacing=&#8221;30&#8243;][\/vc_column_inner][vc_column_inner width=&#8221;1\/2&#8243; offset=&#8221;vc_col-lg-3 vc_col-md-3&#8243;][stm_icon_box icon=&#8221;far fa-handshake&#8221; icon_size=&#8221;26&#8243; icon_color=&#8221;base&#8221; icon_bg_color=&#8221;third_bg&#8221; icon_height=&#8221;60&#8243; title=&#8221;Confianza&#8221; title_font_size=&#8221;16&#8243; title_line_height=&#8221;22&#8243;]M&amp;T International siempre cumple sus compromisos, por ello siempre recibimos el agradecimiento y satisfacci\u00f3n por parte de nuestros clientes.[\/stm_icon_box][stm_spacing lg_spacing=&#8221;0&#8243; md_spacing=&#8221;0&#8243; sm_spacing=&#8221;30&#8243; xs_spacing=&#8221;30&#8243;][\/vc_column_inner][vc_column_inner width=&#8221;1\/2&#8243; offset=&#8221;vc_col-lg-3 vc_col-md-3&#8243;][stm_icon_box icon=&#8221;fas fa-exclamation-triangle&#8221; icon_size=&#8221;26&#8243; icon_color=&#8221;base&#8221; icon_bg_color=&#8221;third_bg&#8221; icon_height=&#8221;60&#8243; title=&#8221;Integridad&#8221; title_font_size=&#8221;16&#8243; title_line_height=&#8221;22&#8243;]En M&amp;T basamos nuestro crecimiento, accionar y desempe\u00f1o de manera sostenible en aspectos netamente t\u00e9cnicos, principios \u00e9ticos y valores.[\/stm_icon_box][stm_spacing lg_spacing=&#8221;0&#8243; md_spacing=&#8221;0&#8243; sm_spacing=&#8221;30&#8243; xs_spacing=&#8221;30&#8243;][\/vc_column_inner][vc_column_inner width=&#8221;1\/2&#8243; offset=&#8221;vc_col-lg-3 vc_col-md-3&#8243;][stm_icon_box icon=&#8221;stm-award&#8221; icon_size=&#8221;26&#8243; icon_color=&#8221;base&#8221; icon_bg_color=&#8221;third_bg&#8221; icon_height=&#8221;60&#8243; title=&#8221;Competencia&#8221; title_font_size=&#8221;16&#8243; title_line_height=&#8221;22&#8243;]En M&amp;T ofrecemos servicios de alto valor sobre los cuales hemos desarrollado competencias adecuadas con la finalidad de satisfacer las reales necesidades de nuestros clientes.[\/stm_icon_box][\/vc_column_inner][\/vc_row_inner][stm_spacing lg_spacing=&#8221;100&#8243; md_spacing=&#8221;80&#8243; sm_spacing=&#8221;70&#8243; xs_spacing=&#8221;60&#8243;][\/vc_column][\/vc_row][vc_row full_width=&#8221;stretch_row&#8221; el_class=&#8221;third_bg_color&#8221;][vc_column][stm_spacing lg_spacing=&#8221;75&#8243; md_spacing=&#8221;65&#8243; sm_spacing=&#8221;55&#8243; xs_spacing=&#8221;50&#8243;][vc_row_inner][vc_column_inner width=&#8221;5\/12&#8243;][vc_custom_heading text=&#8221;M\u00e1s de 16 a\u00f1os<br \/>\nde excelente experiencia&#8221; use_theme_fonts=&#8221;yes&#8221;][vc_column_text]Trabajamos para organizaciones que desean que su futuro sea exitoso y los ayudamos a lograr resultados extraordinarios.[\/vc_column_text][\/vc_column_inner][vc_column_inner width=&#8221;1\/12&#8243;][\/vc_column_inner][vc_column_inner width=&#8221;1\/4&#8243;][stm_stats_counter stat_counter_style=&#8221;style_5&#8243; icon=&#8221;stm-location&#8221; counter_value=&#8221;2&#8243; duration=&#8221;1&#8243; title_color=&#8221;&#8221; icon_color=&#8221;&#8221; title=&#8221;Presencia en pa\u00edses&#8221;][stm_spacing lg_spacing=&#8221;30&#8243; md_spacing=&#8221;30&#8243; sm_spacing=&#8221;30&#8243; xs_spacing=&#8221;30&#8243;][stm_stats_counter stat_counter_style=&#8221;style_5&#8243; icon=&#8221;stm-zurich-portfolio&#8221; counter_value=&#8221;256&#8243; duration=&#8221;2&#8243; title_color=&#8221;&#8221; icon_color=&#8221;&#8221; title=&#8221;Proyectos ejecutados&#8221;][stm_spacing lg_spacing=&#8221;0&#8243; md_spacing=&#8221;0&#8243; sm_spacing=&#8221;0&#8243; xs_spacing=&#8221;30&#8243;][\/vc_column_inner][vc_column_inner width=&#8221;1\/4&#8243;][stm_stats_counter stat_counter_style=&#8221;style_5&#8243; icon=&#8221;stm-ankara-like&#8221; counter_value=&#8221;128&#8243; title_color=&#8221;&#8221; icon_color=&#8221;&#8221; title=&#8221;Clientes satisfechos&#8221;][stm_spacing lg_spacing=&#8221;30&#8243; md_spacing=&#8221;30&#8243; sm_spacing=&#8221;30&#8243; xs_spacing=&#8221;30&#8243;][stm_stats_counter stat_counter_style=&#8221;style_5&#8243; icon=&#8221;fas fa-hourglass-half&#8221; counter_value=&#8221;535966&#8243; duration=&#8221;5&#8243; title_color=&#8221;&#8221; icon_color=&#8221;&#8221; title=&#8221;Horas de consultor\u00eda&#8221;][\/vc_column_inner][\/vc_row_inner][stm_spacing lg_spacing=&#8221;75&#8243; md_spacing=&#8221;65&#8243; sm_spacing=&#8221;55&#8243; xs_spacing=&#8221;50&#8243;][\/vc_column][\/vc_row][vc_row][vc_column][vc_row_inner][vc_column_inner width=&#8221;1\/2&#8243;][vc_custom_heading text=&#8221;Nuestra misi\u00f3n&#8221; use_theme_fonts=&#8221;yes&#8221;][vc_column_text]Proveemos servicios de consultor\u00eda de tecnolog\u00edas de la informaci\u00f3n de alto valor:<\/p>\n<ul>\n<li>Ciberseguridad<\/li>\n<li>Seguridad digital<\/li>\n<li>Continuidad de negocio<\/li>\n<li>Ethical hacking<\/li>\n<li>Evaluaci\u00f3n de cumplimiento e implementaci\u00f3n de normas ISO y marcos de buenas pr\u00e1cticas (27001, 22301, 31000, NIST, SWIFT CSCF, COBIT, ITIL, 33000, 12207)<\/li>\n<li>An\u00e1lisis de fraude inform\u00e1tico<\/li>\n<li>Evaluaci\u00f3n de madurez de procesos de TI<\/li>\n<li>Gobierno y transformaci\u00f3n digital<\/li>\n<\/ul>\n<p>[\/vc_column_text][stm_spacing lg_spacing=&#8221;0&#8243; md_spacing=&#8221;0&#8243; sm_spacing=&#8221;0&#8243; xs_spacing=&#8221;30&#8243;][\/vc_column_inner][vc_column_inner width=&#8221;1\/2&#8243;][vc_custom_heading text=&#8221;Nuestra visi\u00f3n&#8221; use_theme_fonts=&#8221;yes&#8221;][vc_column_text]Mantener el reconocimiento de nuestros clientes, as\u00ed como los 2 centros de competencias que hemos logrado desarrollar en los 16 a\u00f1os de existencia, y continuar creciendo a nivel internacional.[\/vc_column_text][\/vc_column_inner][\/vc_row_inner][stm_spacing lg_spacing=&#8221;80&#8243; md_spacing=&#8221;70&#8243; sm_spacing=&#8221;60&#8243; xs_spacing=&#8221;60&#8243;][\/vc_column][\/vc_row][vc_row full_width=&#8221;stretch_row&#8221; el_class=&#8221;third_bg_color&#8221;][vc_column][vc_empty_space][vc_custom_heading text=&#8221;Nuestros clientes&#8221; font_container=&#8221;tag:h2|text_align:left|color:%23000000&#8243; use_theme_fonts=&#8221;yes&#8221; el_class=&#8221;third_bg_color&#8221;][\/vc_column][\/vc_row][vc_row full_width=&#8221;stretch_row&#8221;][vc_column][vc_empty_space height=&#8221;16px&#8221;][stm_image_carousel grayscale=&#8221;yes&#8221; autoplay=&#8221;yes&#8221; loop=&#8221;yes&#8221; dots=&#8221;true&#8221; images=&#8221;7191,7192,7193,7194,7195,7197,7198,7199,7203,7204,7205,7206,7207,7208,7209,7210,7211&#8243;][\/vc_column][\/vc_row]<\/p>\n<\/section>","protected":false},"excerpt":{"rendered":"<p>[vc_row][vc_column][vc_custom_heading text=&#8221;Por qu\u00e9 M&amp;T International&#8221; font_container=&#8221;tag:h2|text_align:center&#8221; use_theme_fonts=&#8221;yes&#8221;][stm_spacing lg_spacing=&#8221;17&#8243; md_spacing=&#8221;17&#8243; sm_spacing=&#8221;17&#8243; xs_spacing=&#8221;17&#8243;][vc_row_inner][vc_column_inner width=&#8221;1\/2&#8243; offset=&#8221;vc_col-lg-3 vc_col-md-3&#8243;][stm_icon_box icon=&#8221;fas fa-chess&#8221; icon_size=&#8221;26&#8243; icon_color=&#8221;base&#8221; icon_bg_color=&#8221;third_bg&#8221; icon_height=&#8221;60&#8243; title=&#8221;Experiencia&#8221; title_font_size=&#8221;16&#8243; title_line_height=&#8221;22&#8243;]Desde octubre del 2006 trabajamos incansablemente para ofrecer una gama de servicios de alto valor para nuestros clientes, mejorando e innovando constantemente.[\/stm_icon_box][stm_spacing lg_spacing=&#8221;0&#8243; md_spacing=&#8221;0&#8243; sm_spacing=&#8221;30&#8243; xs_spacing=&#8221;30&#8243;][\/vc_column_inner][vc_column_inner width=&#8221;1\/2&#8243; offset=&#8221;vc_col-lg-3 vc_col-md-3&#8243;][stm_icon_box icon=&#8221;far fa-handshake&#8221; icon_size=&#8221;26&#8243; icon_color=&#8221;base&#8221;<\/p>\n","protected":false},"author":1,"featured_media":0,"parent":0,"menu_order":0,"comment_status":"closed","ping_status":"closed","template":"","meta":{"footnotes":""},"class_list":["post-6238","page","type-page","status-publish","hentry"],"_links":{"self":[{"href":"http:\/\/www.myt.international\/wordpress\/wp-json\/wp\/v2\/pages\/6238","targetHints":{"allow":["GET"]}}],"collection":[{"href":"http:\/\/www.myt.international\/wordpress\/wp-json\/wp\/v2\/pages"}],"about":[{"href":"http:\/\/www.myt.international\/wordpress\/wp-json\/wp\/v2\/types\/page"}],"author":[{"embeddable":true,"href":"http:\/\/www.myt.international\/wordpress\/wp-json\/wp\/v2\/users\/1"}],"replies":[{"embeddable":true,"href":"http:\/\/www.myt.international\/wordpress\/wp-json\/wp\/v2\/comments?post=6238"}],"version-history":[{"count":29,"href":"http:\/\/www.myt.international\/wordpress\/wp-json\/wp\/v2\/pages\/6238\/revisions"}],"predecessor-version":[{"id":7180,"href":"http:\/\/www.myt.international\/wordpress\/wp-json\/wp\/v2\/pages\/6238\/revisions\/7180"}],"wp:attachment":[{"href":"http:\/\/www.myt.international\/wordpress\/wp-json\/wp\/v2\/media?parent=6238"}],"curies":[{"name":"wp","href":"https:\/\/api.w.org\/{rel}","templated":true}]}}