{"id":7445,"date":"2024-03-10T15:57:32","date_gmt":"2024-03-10T20:57:32","guid":{"rendered":"http:\/\/www.myt.international\/wordpress\/?page_id=7445"},"modified":"2024-03-12T16:13:07","modified_gmt":"2024-03-12T21:13:07","slug":"mt-academy","status":"publish","type":"page","link":"http:\/\/www.myt.international\/wordpress\/mt-academy\/","title":{"rendered":"M&#038;T Academy"},"content":{"rendered":"<section class=\"wpb-content-wrapper\"><p>[vc_row][vc_column][vc_column_text]<\/p>\n<h1 style=\"text-align: left;\"><strong>M&amp;T Academy<\/strong><\/h1>\n<p>[\/vc_column_text][vc_column_text]<\/p>\n<h4 style=\"text-align: center;\"><strong>Programaci\u00f3n de cursos de certificaci\u00f3n marzo &#8211; abril 2024<\/strong><\/h4>\n<p>[\/vc_column_text][vc_cta h2=&#8221;\u00bfDesea m\u00e1s informaci\u00f3n?&#8221; txt_align=&#8221;center&#8221;]escribanos a academy@myt.international<\/p>\n<p>Descargue el broshure completo <a href=\"http:\/\/www.myt.international\/wordpress\/wp-content\/uploads\/2024\/03\/Broshure-Cursos-Certificacion-2024-I.pdf\">Broshure Cursos Certificaci\u00f3n 2024-I<\/a>[\/vc_cta][vc_empty_space][stm_partner style=&#8221;style_2&#8243; title=&#8221;Curso de Certificaci\u00f3n Lead Auditor ISO 27001:2022&#8243; logo=&#8221;7446&#8243; description=&#8221;Curso oficial para obtener la certificaci\u00f3n Lead Auditor ISO 27001:2022. Esta certificaci\u00f3n cubre el est\u00e1ndar internacional publicado por la Organizaci\u00f3n Internacional de Normalizaci\u00f3n (ISO), que describe c\u00f3mo gestionar y mejorar la seguridad de la informaci\u00f3n, la ciberseguridad y la protecci\u00f3n de la privacidad en una empresa. ISO 27001 se puede implementar en cualquier tipo de organizaci\u00f3n, con o sin fines de lucro, privada o gubernamental, peque\u00f1a o grande. Fue escrito por los mejores expertos del mundo en el campo de la seguridad de la informaci\u00f3n y proporciona una metodolog\u00eda para la implementaci\u00f3n de la gesti\u00f3n de la seguridad de la informaci\u00f3n en una organizaci\u00f3n.&#8221; img_size=&#8221;580&#215;580&#8243; position=&#8221;Inicio: Jueves 21 de marzo de 2024 (martes y jueves)<br \/>\nDuraci\u00f3n: 24 horas (6 sesiones de 4 horas)<br \/>\nHorario: 6:00 &#8211; 10:00 p.m. (GMT -5)<br \/>\nInversi\u00f3n: USD 350.00 (Incluye el examen de certificaci\u00f3n)<br \/>\nSe incluye un simuladro de examen.<br \/>\nDictado por un instructor de amplia experiencia internacional implementando y auditando ISO 27001.&#8221;][vc_separator color=&#8221;orange&#8221;][stm_partner style=&#8221;style_2&#8243; title=&#8221;Curso de Certificaci\u00f3n Scrum Master&#8221; logo=&#8221;7463&#8243; description=&#8221;Curso oficial para obtener la certificaci\u00f3n Scrum Master. \u00bfEst\u00e1s listo para avanzar en tu carrera y brillar en el apasionante mundo de Scrum? CertiProf te ofrece el prestigioso Certificado Profesional Scrum Master &#8211; Programa SMPC para validar y elevar tus conocimientos de Scrum al siguiente nivel.<\/p>\n<p>Al obtener tu Certificado de Professional Scrum Master, obtendr\u00e1s una s\u00f3lida comprensi\u00f3n de la teor\u00eda, las pr\u00e1cticas y las reglas de Scrum. \u00bfQu\u00e9 significa esto para ti? La confianza para liderar eficazmente equipos \u00e1giles, impulsar entregas exitosas de proyectos y marcar la diferencia en su carrera.&#8221; img_size=&#8221;580&#215;580&#8243; position=&#8221;Inicio: Mi\u00e9rcoles 20 de marzo de 2024 (Lunes, Mi\u00e9rcoles y Viernes)<br \/>\nDuraci\u00f3n: 24 horas (6 sesiones de 4 horas)<br \/>\nHorario: 6:00 &#8211; 10:00 p.m. (GMT -5)<br \/>\nInversi\u00f3n: USD 350.00 (Incluye el examen de certificaci\u00f3n)<br \/>\nSe incluye un simuladro de examen.&#8221;][vc_separator color=&#8221;orange&#8221;][stm_partner style=&#8221;style_2&#8243; title=&#8221;Curso de Certificaci\u00f3n Lead CyberSecurity Professional Certification (Based on CSF)&#8221; logo=&#8221;7471&#8243; description=&#8221;Curso oficial para obtener la certificaci\u00f3n Lead CyberSecurity Professional Certificate basada en el CSF de NIST. Los ciberataques generalmente tienen como objetivo acceder, cambiar o destruir informaci\u00f3n confidencial; extorsionar a los usuarios; o interrumpir los procesos comerciales normales.<\/p>\n<p>La implementaci\u00f3n de medidas efectivas de ciberseguridad es particularmente desafiante hoy en d\u00eda porque hay m\u00e1s dispositivos que personas y los atacantes son cada vez m\u00e1s innovadores. Esta certificaci\u00f3n lo ayudar\u00e1 a comprender las funciones b\u00e1sicas de un marco de seguridad y la importancia de establecer la ciberseguridad para proteger la informaci\u00f3n con base en los tres pilares de la seguridad de los datos.&#8221; img_size=&#8221;580&#215;580&#8243; position=&#8221;Inicio: Mi\u00e9rcoles 02 de abril de 2024 (Lunes, Mi\u00e9rcoles y Viernes)<br \/>\nDuraci\u00f3n: 24 horas (6 sesiones de 4 horas)<br \/>\nHorario: 6:00 &#8211; 10:00 p.m. (GMT -5)<br \/>\nInversi\u00f3n: USD 320.00 (Incluye el examen de certificaci\u00f3n)<br \/>\nSe incluye un simuladro de examen.&#8221;][vc_single_image image=&#8221;7484&#8243; img_size=&#8221;1415&#215;452&#8243; alignment=&#8221;center&#8221; title=&#8221;Medios de pago internacionales&#8221;][vc_separator color=&#8221;orange&#8221;][stm_partner style=&#8221;style_2&#8243; title=&#8221;Curso de Certificaci\u00f3n Lead Implementer ISO 27001&#8243; logo=&#8221;7469&#8243; description=&#8221;Curso oficial para obtener la certificaci\u00f3n Lead Implementer ISO 27001. Esta certificaci\u00f3n ayuda a comprender e implementar un sistema de gesti\u00f3n global, basado en un enfoque de riesgos comerciales, para establecer, implementar, operar, monitorear, revisar, mantener y mejorar la seguridad de la informaci\u00f3n. Incluye estructura organizacional, pol\u00edticas, planes, responsabilidades, procedimientos, procesos y recursos.&#8221; img_size=&#8221;580&#215;580&#8243; position=&#8221;Inicio: Jueves 10 de abril de 2024 (Martes y Jueves)<br \/>\nDuraci\u00f3n: 24 horas (6 sesiones de 4 horas)<br \/>\nHorario: 6:00 &#8211; 10:00 p.m. (GMT -5)<br \/>\nInversi\u00f3n: USD 320.00 (Incluye el examen de certificaci\u00f3n)<br \/>\nSe incluye un simuladro de examen.&#8221;][vc_separator color=&#8221;orange&#8221;][stm_partner style=&#8221;style_2&#8243; title=&#8221;Curso de Certificaci\u00f3n Blockchain Professional Certificate (BCPC)&#8221; logo=&#8221;7474&#8243; description=&#8221;Curso oficial para obtener la certificaci\u00f3n Blockchain Professional Certificate (BCPC). Esta certificaci\u00f3n revisa la evoluci\u00f3n de la tecnolog\u00eda Blockchain, el futuro de la industria y c\u00f3mo BiBi 4.0 influir\u00e1 en el futuro del desarrollo de la industria. Posteriormente se analizar\u00e1n los productos y servicios en los que influye la Tecnolog\u00eda Blockchain.<br \/>\nEsta certificaci\u00f3n brindar\u00e1 un primer acercamiento a una soluci\u00f3n integral para una empresa que pueda soportar eficiencia, control, confianza, trazabilidad y procesos para generar cambios disruptivos y positivos para cualquier sector.&#8221; img_size=&#8221;224&#215;223&#8243; position=&#8221;Inicio: Martes 26 de marzo de 2024 (Martes y Jueves)<br \/>\nDuraci\u00f3n: 24 horas (6 sesiones de 4 horas)<br \/>\nHorario: 6:00 &#8211; 10:00 p.m. (GMT -5)<br \/>\nInversi\u00f3n: USD 450.00 (Incluye el examen de certificaci\u00f3n)<br \/>\nSe incluye un simuladro de examen.&#8221;][vc_separator color=&#8221;orange&#8221;][stm_partner style=&#8221;style_2&#8243; title=&#8221;Curso de Certificaci\u00f3n Artificial Intelligence Expert Certificate (CAIEC)&#8221; logo=&#8221;7477&#8243; description=&#8221;Curso oficial para obtener la certificaci\u00f3n Blockchain Professional Certificate (BCPC). La IA est\u00e1 transformando las industrias y cambiando el mundo. Desde b\u00fasquedas web efectivas y reconocimiento de voz hasta veh\u00edculos aut\u00f3nomos, traducci\u00f3n autom\u00e1tica, procesamiento del lenguaje natural y m\u00e1s. Ampl\u00eda tus conocimientos en IA, Machine Learning y Deep Learning. Domina las bases de la arquitectura de redes neuronales y los puntos fuertes de las numerosas bibliotecas y herramientas que tendr\u00e1s a tu disposici\u00f3n como Python y TensorFlow entre muchas otras. Conozca las t\u00e9cnicas de aprendizaje autom\u00e1tico m\u00e1s efectivas y practique implementarlas y hacer que funcionen usted mismo. Comprenda las capacidades, los desaf\u00edos y las consecuencias del aprendizaje profundo y prep\u00e1rese para participar en el desarrollo de tecnolog\u00eda de inteligencia artificial de vanguardia. Da el paso definitivo en el mundo de la IA, adquiere los conocimientos y habilidades para subir de nivel en tu carrera.&#8221; img_size=&#8221;600&#215;600&#8243; position=&#8221;Inicio: Lunes 25 de marzo de 2024 (Lunes, mi\u00e9rcoles y viernes)<br \/>\nDuraci\u00f3n: 24 horas (6 sesiones de 4 horas)<br \/>\nHorario: 6:00 &#8211; 10:00 p.m. (GMT -5)<br \/>\nInversi\u00f3n: USD 620.00 (Incluye el examen de certificaci\u00f3n)<br \/>\nSe incluye un simuladro de examen.&#8221;][vc_cta h2=&#8221;\u00bfDesea m\u00e1s informaci\u00f3n?&#8221; txt_align=&#8221;center&#8221;]escribanos a academy@myt.international<\/p>\n<p>Descargue el broshure completo <a href=\"http:\/\/www.myt.international\/wordpress\/wp-content\/uploads\/2024\/03\/Broshure-Cursos-Certificacion-2024-I.pdf\">Broshure Cursos Certificaci\u00f3n 2024-I<\/a>[\/vc_cta][\/vc_column][\/vc_row]<\/p>\n<\/section>","protected":false},"excerpt":{"rendered":"<p>[vc_row][vc_column][vc_column_text] M&amp;T Academy [\/vc_column_text][vc_column_text] Programaci\u00f3n de cursos de certificaci\u00f3n marzo &#8211; abril 2024 [\/vc_column_text][vc_cta h2=&#8221;\u00bfDesea m\u00e1s informaci\u00f3n?&#8221; txt_align=&#8221;center&#8221;]escribanos a academy@myt.international Descargue el broshure completo Broshure Cursos Certificaci\u00f3n 2024-I[\/vc_cta][vc_empty_space][stm_partner style=&#8221;style_2&#8243; title=&#8221;Curso de Certificaci\u00f3n Lead Auditor ISO 27001:2022&#8243; logo=&#8221;7446&#8243; description=&#8221;Curso oficial para obtener la certificaci\u00f3n Lead Auditor ISO 27001:2022. Esta certificaci\u00f3n cubre el est\u00e1ndar internacional publicado por<\/p>\n","protected":false},"author":1,"featured_media":0,"parent":0,"menu_order":0,"comment_status":"closed","ping_status":"closed","template":"","meta":{"footnotes":""},"class_list":["post-7445","page","type-page","status-publish","hentry"],"_links":{"self":[{"href":"http:\/\/www.myt.international\/wordpress\/wp-json\/wp\/v2\/pages\/7445","targetHints":{"allow":["GET"]}}],"collection":[{"href":"http:\/\/www.myt.international\/wordpress\/wp-json\/wp\/v2\/pages"}],"about":[{"href":"http:\/\/www.myt.international\/wordpress\/wp-json\/wp\/v2\/types\/page"}],"author":[{"embeddable":true,"href":"http:\/\/www.myt.international\/wordpress\/wp-json\/wp\/v2\/users\/1"}],"replies":[{"embeddable":true,"href":"http:\/\/www.myt.international\/wordpress\/wp-json\/wp\/v2\/comments?post=7445"}],"version-history":[{"count":34,"href":"http:\/\/www.myt.international\/wordpress\/wp-json\/wp\/v2\/pages\/7445\/revisions"}],"predecessor-version":[{"id":7488,"href":"http:\/\/www.myt.international\/wordpress\/wp-json\/wp\/v2\/pages\/7445\/revisions\/7488"}],"wp:attachment":[{"href":"http:\/\/www.myt.international\/wordpress\/wp-json\/wp\/v2\/media?parent=7445"}],"curies":[{"name":"wp","href":"https:\/\/api.w.org\/{rel}","templated":true}]}}